{"id":820,"date":"2024-08-29T13:38:55","date_gmt":"2024-08-29T13:38:55","guid":{"rendered":"https:\/\/radiofiladelfiamundial.com\/es\/?page_id=820"},"modified":"2024-08-29T14:27:22","modified_gmt":"2024-08-29T14:27:22","slug":"codigo-de-etica","status":"publish","type":"page","link":"https:\/\/radiofiladelfiamundial.com\/es\/codigo-de-etica\/","title":{"rendered":"C\u00f3digo de \u00c9tica"},"content":{"rendered":"<p>[et_pb_section fb_built=\u00bb1&#8243; fullwidth=\u00bbon\u00bb _builder_version=\u00bb4.16&#8243; background_color=\u00bb#2ea3f2&#8243; use_background_color_gradient=\u00bbon\u00bb background_color_gradient_direction=\u00bb330deg\u00bb background_color_gradient_stops=\u00bb#2ea3f2 0%|#2e6df4 100%\u00bb background_color_gradient_start=\u00bb#2ea3f2&#8243; background_color_gradient_end=\u00bb#2e6df4&#8243; global_colors_info=\u00bb{}\u00bb][et_pb_fullwidth_header title=\u00bbC\u00f3digo de \u00c9tica\u00bb _builder_version=\u00bb4.27.0&#8243; title_font=\u00bbCagliostro||||||||\u00bb background_color=\u00bbrgba(255, 255, 255, 0)\u00bb hover_enabled=\u00bb0&#8243; global_colors_info=\u00bb{}\u00bb button_one_text_size__hover_enabled=\u00bboff\u00bb button_two_text_size__hover_enabled=\u00bboff\u00bb button_one_text_color__hover_enabled=\u00bboff\u00bb button_two_text_color__hover_enabled=\u00bboff\u00bb button_one_border_width__hover_enabled=\u00bboff\u00bb button_two_border_width__hover_enabled=\u00bboff\u00bb button_one_border_color__hover_enabled=\u00bboff\u00bb button_two_border_color__hover_enabled=\u00bboff\u00bb button_one_border_radius__hover_enabled=\u00bboff\u00bb button_two_border_radius__hover_enabled=\u00bboff\u00bb button_one_letter_spacing__hover_enabled=\u00bboff\u00bb button_two_letter_spacing__hover_enabled=\u00bboff\u00bb button_one_bg_color__hover_enabled=\u00bboff\u00bb button_two_bg_color__hover_enabled=\u00bboff\u00bb title_text_shadow_style=\u00bbpreset2&#8243; sticky_enabled=\u00bb0&#8243;][\/et_pb_fullwidth_header][\/et_pb_section][et_pb_section fb_built=\u00bb1&#8243; _builder_version=\u00bb4.16&#8243; global_colors_info=\u00bb{}\u00bb][et_pb_row _builder_version=\u00bb4.16&#8243; background_size=\u00bbinitial\u00bb background_position=\u00bbtop_left\u00bb background_repeat=\u00bbrepeat\u00bb global_colors_info=\u00bb{}\u00bb][et_pb_column type=\u00bb4_4&#8243; _builder_version=\u00bb4.16&#8243; custom_padding=\u00bb|||\u00bb global_colors_info=\u00bb{}\u00bb custom_padding__hover=\u00bb|||\u00bb][et_pb_text _builder_version=\u00bb4.27.0&#8243; background_size=\u00bbinitial\u00bb background_position=\u00bbtop_left\u00bb background_repeat=\u00bbrepeat\u00bb hover_enabled=\u00bb0&#8243; global_colors_info=\u00bb{}\u00bb text_font=\u00bbBlinker||||||||\u00bb sticky_enabled=\u00bb0&#8243; text_font_size=\u00bb16px\u00bb]<\/p>\n<p>C\u00d3DIGO DE \u00c9TICA<br \/><strong>FILADELFIARADIO FILARADSA S.A.,<\/strong> en acatamiento a las disposiciones obrantes en la Ley Orga\u0301nica de Comunicacio\u0301n, publicada en el Registro Oficial No. 22 de martes 25 de junio de 2013, y el Reglamento General a la Ley Orga\u0301nica de Comunicacio\u0301n, expedido mediante Decreto Ejecutivo No. 850 de agosto de 2023 y publicado en el Segundo Suplemento del Registro Oficial No. 383 de 28 de agosto de 2023, expide el presente Co\u0301digo de E\u0301tica, incorporando al mismo las disposiciones y normas que obran del arti\u0301culo 10 de la ley y reglamento que se mencionan, asi\u0301 como las disposiciones que constan en el C\u00f3digo de \u00c9tica de la Asociaci\u00f3n Ecuatoriana de Radiodifusio\u0301n AER, aprobado en la XXXV Asamblea General Extraordinaria, realizada en la ciudad de Riobamba los d\u00edas 29 y 30 de Junio del 2012; estableciendo como principios que rigen a la emisora las siguientes disposiciones:<\/p>\n<p><strong>1.-<\/strong> Siguiendo los postulados de la radiodifusi\u00f3n ecuatoriana, FILADELFIARADIO FILARADSA S.A., en el ejercicio de sus labores propendera\u0301\u0301 a la difusio\u0301n de la cultura, la educaci\u00f3n, respeto y convivenia en todos sus aspectos, proporcionando informaci\u00f3n a\u0301gil y veraz a la comunidad, basada en fuentes identificadas y responsables; contribuira\u0301\u0301 al nivel cultural de la poblaci\u00f3n mediante la difusio\u0301n de la ciencia, la tecnolog\u00eda y todo conocimiento \u00fatil; efectuara\u0301 programas de recreaci\u00f3n musical y arti\u0301sticos aptos para todos los sectores de la poblaci\u00f3n; difundira\u0301 actos, sucesos o eventos sociales, culturales, pol\u00edticos, religiosos, etc., permitidos por la Constituci\u00f3n Poli\u0301tica del Estado y las Leyes, siempre y cuando tales sucesos no atenten a los derechos humanos, a las buenas costumbres y reputaci\u00f3n de las personas y a las tradiciones morales de la comunidad<\/p>\n<p><strong>2.-<\/strong> En ejercicio de los postulados antes mencionados, FILADELFIARADIO FILARADSA S.A., se compromete a:<\/p>\n<p><strong>a)<\/strong> Respetar la libertad de expresi\u00f3n, de comentario y de cr\u00edtica; la honra y la reputaci\u00f3n de las personas; la intimidad personal y familiar<\/p>\n<p><strong>b)<\/strong> Abstenerse de realizar y difundir contenidos y comentarios discriminatorios;<\/p>\n<p><strong>c)<\/strong> Rectificar, a la brevedad posible, las informaciones que se hayan demostrado como falsas o err\u00f3neas;<\/p>\n<p><strong>d)<\/strong> Respetar el derecho a la presunci\u00f3n de inocencia;<\/p>\n<p><strong>e)<\/strong> Abstenerse de difundir publirreportajes como si fuese material informativo;<\/p>\n<p><strong>f)<\/strong> Cuidar que los titulares sean coherentes y consistentes con el contenido de las noticias;<\/p>\n<p><strong>g)<\/strong> Distinguir de forma inequ\u00edvoca entre noticias y opiniones;<\/p>\n<p><strong>h)<\/strong> Distinguir claramente entre el material informativo, el material editorial y el material comercial o publicitario;<\/p>\n<p><strong>i)<\/strong> Evitar difundir, de forma positiva o avalorativa, las conductas irresponsables con el medio ambiente;<\/p>\n<p><strong>j)<\/strong> Asumir las responsabilidades de informaci\u00f3n y opiniones que se difundan;<\/p>\n<p><strong>k)<\/strong> Abstenerse de realizar pr\u00e1cticas de linchamiento media\u0301tico, entendiendo por tales, la difusi\u00f3n de informacio\u0301n concertada y reiterativa, de manera directa o por terceros, a trav\u00e9s de medios de comunicaci\u00f3n destinada a desprestigiar a una persona natural o jur\u00eddica o reducir su credibilidad p\u00fablica.<\/p>\n<p><strong>l)<\/strong> No incitar a los ni\u00f1os, nin\u0303as y adolescentes imiten comportamientos perjudiciales y peligrosos para su salud;<\/p>\n<p><strong>m)<\/strong> Abstenerse de usar y difundir im\u00e1genes o menciones identificativas que atenten contra la dignidad o los derechos de las personas con graves patolog\u00edas o discapacidades;<\/p>\n<p><strong>n)<\/strong> Evitar la representaci\u00f3n positiva o avalorativa de escenas donde se haga burla de discapacidades f\u00edsicas o psi\u0301quicas de las personas;<\/p>\n<p><strong>o)<\/strong> Abstenerse de emitir im\u00e1genes o menciones identificativas de ni\u00f1os, nin\u0303as y adolescentes como autores, testigos o v\u00edctimas de actos ili\u0301citos; salvo el caso que, en aplicaci\u00f3n del intere\u0301s superior del ni\u00f1o, sea dispuesto por autoridad competente;<\/p>\n<p><strong>p)<\/strong> Proteger el derecho a la imagen y privacidad de adolescentes en conflicto con la ley penal, en concordancia con las disposiciones del C\u00f3digo de la Nin\u0303ez y Adolescencia;<\/p>\n<p><strong>q)<\/strong> Abstenerse de emitir contenidos que atenten contra la dignidad de los adultos mayores, o proyecten una visi\u00f3n negativa del envejecimiento;<\/p>\n<p><strong>r)<\/strong> Respetar los presupuestos constitucionales de verificaci\u00f3n, oportunidad, contextualizacio\u0301n y contrastaci\u00f3n en la difusio\u0301n de la informaci\u00f3n de relevancia pu\u0301blica o de inter\u00e9s nacional;<\/p>\n<p><strong>s)<\/strong> Abstenerse de omitir y tergiversar intencionalmente elementos de la informaci\u00f3n u opiniones difundidas;<\/p>\n<p><strong>t)<\/strong> Abstenerse de obtener informaci\u00f3n o ima\u0301genes con m\u00e9todos ili\u0301citos;<\/p>\n<p><strong>u)<\/strong> Evitar un tratamiento morboso a la informaci\u00f3n sobre cri\u0301menes, accidentes, cat\u00e1strofes u otros eventos similares;<\/p>\n<p><strong>v)<\/strong> Defender y ejercer el derecho a la cl\u00e1usula de conciencia;<\/p>\n<p><strong>w)<\/strong> Impedir la censura en cualquiera de sus formas, independientemente de quien pretenda realizarla;<\/p>\n<p><strong>x)<\/strong> No aceptar presiones externas en el cumplimiento de la labor period\u00edstica;<\/p>\n<p><strong>y)<\/strong> Ejercer y respetar los derechos a la reserva de fuente y el secreto profesional;<\/p>\n<p><strong>z)<\/strong> Abstenerse de usar la condici\u00f3n de periodista o comunicador social para obtener beneficios personales;<\/p>\n<p><strong>aa)<\/strong> No utilizar en provecho propio informaci\u00f3n privilegiada, obtenida en forma confidencial en el ejercicio de su funci\u00f3n informativa; y,<\/p>\n<p><strong>bb)<\/strong> Respetar los derechos de autor y las normas de citas.<\/p>\n<p><strong>3.-<\/strong> Al proclamar su adhesi\u00f3n al estado democra\u0301tico y de derecho que respete la independencia entre los poderes; un gobierno popular alternativo y representativo; y, la plena e incondicional vigencia de los derechos humanos, entre los cuales destaca la vida, la libertad de conciencia, de religi\u00f3n, de expresio\u0301n; y, el libre ejercicio de las actividades \u00e9ticas de los medios de comunicaci\u00f3n, FILADELFIARADIO FILARADSA S.A. podra\u0301\u0301 transmitir libremente programacio\u0301n apta para todo p\u00fablico; para lo cual, invariablemente utilizara\u0301 un lenguaje culto y apropiado para todas las edades, y que no sea ofensivo a la dignidad y condici\u00f3n humanas.<\/p>\n<p><strong>4. \u2013<\/strong> Derecho de R\u00e9plica y Rectificacio\u0301n. &#8211; Respetaremos el derecho de r\u00e9plica y rectificacio\u0301n de informaci\u00f3n inexacta o perjudicial para la reputaci\u00f3n del reclamante; por lo que facilitaremos los mecanismos necesarios para que las personas afectadas puedan ejercer este derecho de manera efectiva.<\/p>\n<p><strong>5.-<\/strong> Para el cumplimiento de lo manifestado en los numerales precedentes, FILADELFIARADIO FILARADSA S.A. velara\u0301 por el desempe\u00f1o de la programacio\u0301n general dentro de los par\u00e1metros de e\u0301tica profesional cuidando de no cometer faltas; evitando la difusi\u00f3n de informaciones cuya autenticidad no haya sido verificada o que causen alarma o conmoci\u00f3n social injustificada. Identificara\u0301 con claridad y precisi\u00f3n su origen, para efectos de responsabilidad legal de la Estaci\u00f3n. En los programas informativos o de opini\u00f3n, abiertos al pu\u0301blico o interactivos, dentro de los cuales los oyentes o invitados puedan opinar sobre to\u0301picos puestos a discusio\u0301n, el responsable de conduccio\u0301n advertira\u0301, reiteradamente, que los criterios que emitan los intervinientes, sera\u0301n de su exclusiva responsabilidad y que, de cualquier manera, utilizara\u0301n un lenguaje respetuoso respecto a las autoridades, las instituciones o personas contra las cuales formulen quejas, denuncias o acusaciones. Por consiguiente, el conductor del programa cortara\u0301 la comunicacio\u0301n o intervencio\u0301n al participante que no se atenga a estas normas y, de no hacerlo, asumira\u0301 la responsabilidad que le corresponda de acuerdo con la Ley.<\/p>\n<p><strong>6.-<\/strong> Los conductores de los programas en FILADELFIARADIO FILARADSA S.A., no podra\u0301n emitir opiniones, o utilizar te\u0301rminos, que impliquen cualquier forma de discriminacio\u0301n; de violacio\u0301n de los derechos y garanti\u0301as constitucionales; que atenten contra la unidad nacional; o que afecten a la idiosincrasia o identidad cultural de los pueblos o cualquier sector social.<\/p>\n<p><strong>7.-<\/strong> En cualquier circunstancia, FILADELFIARADIO FILARADSA S.A., se obliga a respetar los derechos de propiedad intelectual o comercial dentro de su programacio\u0301n, especi\u0301ficamente en lo que hace relacio\u0301n a la transmisio\u0301n o retransmisio\u0301n de actos, eventos o programas.<\/p>\n<p><strong>8.-<\/strong> En lo que hace relacio\u0301n a la publicidad comercial, FILADELFIARADIO FILARADSA S.A. observara\u0301 las regulaciones establecidas en la Ley Orga\u0301nica de Defensa del Consumidor, y se regira\u0301 por las normas previstas en la Ley, en el Co\u0301digo de E\u0301tica de la Asociacio\u0301n Ecuatoriana de Radiodifusio\u0301n AER,<\/p>\n<p><strong>9.-<\/strong> En cuanto a la propaganda de difusio\u0301n o de adoctrinamiento poli\u0301tico, FILADELFIARADIO FILARADSA S.A.se sujetara\u0301 estrictamente a la Ley Orga\u0301nica Electoral o Co\u0301digo de la Democracia; a la Ley de Control del Gasto Electoral; asi\u0301 como a las disposiciones que al efecto dicten los organismos electorales pertinentes.<\/p>\n<p><strong>10.-<\/strong> FILADELFIARADIO FILARADSA S.A., en caso de la publicidad comercial, en la propaganda electoral o de adoctrinamiento poli\u0301tico, o programaciones de cara\u0301cter religioso, cuidara\u0301 que en estas no se utilicen te\u0301rminos, ni expresiones ofensivas contrarias a las buenas costumbres y que respeten los derechos y garanti\u0301as constitucionales de las personas, que se encuentren dentro de los para\u0301metros establecidos en la Ley Orga\u0301nica de Comunicacio\u0301n, en lo dispuesto en el Co\u0301digo de E\u0301tica de la Asociacio\u0301n Ecuatoriana de Radiodifusio\u0301n AER, y en las normativas que obran de este Co\u0301digo de E\u0301tica, quedando al arbitrio de la radio, rechazarlas si contravienen las disposiciones que se mencionan.<\/p>\n<p>[\/et_pb_text][\/et_pb_column][\/et_pb_row][\/et_pb_section]<\/p>\n","protected":false},"excerpt":{"rendered":"<p>C\u00d3DIGO DE \u00c9TICAFILADELFIARADIO FILARADSA S.A., en acatamiento a las disposiciones obrantes en la Ley Orga\u0301nica de Comunicacio\u0301n, publicada en el Registro Oficial No. 22 de martes 25 de junio de 2013, y el Reglamento General a la Ley Orga\u0301nica de Comunicacio\u0301n, expedido mediante Decreto Ejecutivo No. 850 de agosto de 2023 y publicado en el [&hellip;]<\/p>\n","protected":false},"author":1,"featured_media":0,"parent":0,"menu_order":0,"comment_status":"closed","ping_status":"closed","template":"","meta":{"_et_pb_use_builder":"on","_et_pb_old_content":"","_et_gb_content_width":"","footnotes":""},"class_list":["post-820","page","type-page","status-publish","hentry"],"_links":{"self":[{"href":"https:\/\/radiofiladelfiamundial.com\/es\/wp-json\/wp\/v2\/pages\/820","targetHints":{"allow":["GET"]}}],"collection":[{"href":"https:\/\/radiofiladelfiamundial.com\/es\/wp-json\/wp\/v2\/pages"}],"about":[{"href":"https:\/\/radiofiladelfiamundial.com\/es\/wp-json\/wp\/v2\/types\/page"}],"author":[{"embeddable":true,"href":"https:\/\/radiofiladelfiamundial.com\/es\/wp-json\/wp\/v2\/users\/1"}],"replies":[{"embeddable":true,"href":"https:\/\/radiofiladelfiamundial.com\/es\/wp-json\/wp\/v2\/comments?post=820"}],"version-history":[{"count":16,"href":"https:\/\/radiofiladelfiamundial.com\/es\/wp-json\/wp\/v2\/pages\/820\/revisions"}],"predecessor-version":[{"id":841,"href":"https:\/\/radiofiladelfiamundial.com\/es\/wp-json\/wp\/v2\/pages\/820\/revisions\/841"}],"wp:attachment":[{"href":"https:\/\/radiofiladelfiamundial.com\/es\/wp-json\/wp\/v2\/media?parent=820"}],"curies":[{"name":"wp","href":"https:\/\/api.w.org\/{rel}","templated":true}]}}