{"id":529,"date":"2020-10-30T17:13:42","date_gmt":"2020-10-30T17:13:42","guid":{"rendered":"https:\/\/radiofiladelfiamundial.com\/es\/?page_id=529"},"modified":"2020-10-30T22:39:38","modified_gmt":"2020-10-30T22:39:38","slug":"redicion-de-cuentas-2019","status":"publish","type":"page","link":"https:\/\/radiofiladelfiamundial.com\/es\/redicion-de-cuentas-2019\/","title":{"rendered":"REDICION DE CUENTAS 2019"},"content":{"rendered":"<p>[et_pb_section fb_built=\u00bb1&#8243; admin_label=\u00bbsection\u00bb _builder_version=\u00bb3.22&#8243;][et_pb_row admin_label=\u00bbrow\u00bb _builder_version=\u00bb3.25&#8243; background_size=\u00bbinitial\u00bb background_position=\u00bbtop_left\u00bb background_repeat=\u00bbrepeat\u00bb][et_pb_column type=\u00bb4_4&#8243; _builder_version=\u00bb3.25&#8243; custom_padding=\u00bb|||\u00bb custom_padding__hover=\u00bb|||\u00bb][et_pb_text admin_label=\u00bbTexto\u00bb _builder_version=\u00bb3.27.4&#8243; border_style=\u00bbsolid\u00bb]<\/p>\n<h2 style=\"text-align: center;\">Radio Filadelfia 1.170 am<\/h2>\n<h2 style=\"text-align: center;\">Rendici\u00f3n de Cuentas 2019<\/h2>\n<h2 style=\"text-align: center;\">Realizado en v\u00eda Zoom 03 de Octubre de 2020<\/h2>\n<p>[\/et_pb_text][\/et_pb_column][\/et_pb_row][et_pb_row admin_label=\u00bbFila\u00bb _builder_version=\u00bb3.25&#8243; background_size=\u00bbinitial\u00bb background_position=\u00bbtop_left\u00bb background_repeat=\u00bbrepeat\u00bb][et_pb_column type=\u00bb4_4&#8243; _builder_version=\u00bb3.25&#8243; custom_padding=\u00bb|||\u00bb custom_padding__hover=\u00bb|||\u00bb][et_pb_divider color=\u00bb#0c71c3&#8243; disabled_on=\u00bbon|on|off\u00bb admin_label=\u00bbSeparador\u00bb _builder_version=\u00bb3.2&#8243;][\/et_pb_divider][\/et_pb_column][\/et_pb_row][et_pb_row _builder_version=\u00bb4.6.6&#8243; _module_preset=\u00bbdefault\u00bb column_structure=\u00bb1_5,3_5,1_5&#8243; hover_enabled=\u00bb0&#8243; sticky_enabled=\u00bb0&#8243;][et_pb_column _builder_version=\u00bb4.6.6&#8243; _module_preset=\u00bbdefault\u00bb type=\u00bb1_5&#8243;][\/et_pb_column][et_pb_column _builder_version=\u00bb4.6.6&#8243; _module_preset=\u00bbdefault\u00bb type=\u00bb3_5&#8243;][et_pb_text _builder_version=\u00bb4.6.6&#8243; _module_preset=\u00bbdefault\u00bb hover_enabled=\u00bb0&#8243; sticky_enabled=\u00bb0&#8243;]<\/p>\n<table width=\"617\">\n<tbody>\n<tr>\n<td colspan=\"5\" width=\"617\">\n<p><strong>PLAN DE TRABAJO<\/strong><\/p>\n<\/td>\n<\/tr>\n<tr>\n<td width=\"123\">\n<p><strong>OBJETIVOS<\/strong><\/p>\n<\/td>\n<td width=\"100\">\n<p><strong>RECURSOS<\/strong><\/p>\n<\/td>\n<td width=\"179\">\n<p><strong>RESPONSABILIDADES<\/strong><\/p>\n<\/td>\n<td width=\"137\">\n<p><strong>ESTRATEGIA<\/strong><\/p>\n<\/td>\n<td width=\"77\">\n<p><strong>TIEMPO<\/strong><\/p>\n<\/td>\n<\/tr>\n<tr>\n<td width=\"123\">\n<p>Optimizar la se\u00f1al del Internet<\/p>\n<\/td>\n<td width=\"100\">\n<p>Operadora de Internet<\/p>\n<\/td>\n<td width=\"179\">\n<p>Director<\/p>\n<p>Administrador<\/p>\n<p>Secretaria<\/p>\n<p>&nbsp;<\/p>\n<\/td>\n<td width=\"137\">\n<p>Consultar para obtener un mejor servicio de Plan Internet<\/p>\n<\/td>\n<td width=\"77\">\n<p>2 meses<\/p>\n<p>&nbsp;<\/p>\n<\/td>\n<\/tr>\n<tr>\n<td width=\"123\">\n<p>Buscar solucionar el ingreso al piso donde funciona la emisora.<\/p>\n<p>&nbsp;<\/p>\n<\/td>\n<td width=\"100\">\n<p>Oficinas propias en el edificio el forum<\/p>\n<p>&nbsp;<\/p>\n<\/td>\n<td width=\"179\">\n<p>Administraci\u00f3n del edificio el Forum<\/p>\n<p>&nbsp;<\/p>\n<\/td>\n<td width=\"137\">\n<p>Estar al d\u00eda en el apago de al\u00edcuotas y seguir vigilantes orar pedir ayuda a Dios siempre.<\/p>\n<\/td>\n<td width=\"77\">\n<p>En curso<\/p>\n<\/td>\n<\/tr>\n<tr>\n<td width=\"123\">\n<p>Mantenimiento de donde est\u00e1 la planta de radio.<\/p>\n<\/td>\n<td width=\"100\">\n<p>Fondo de emergencia<\/p>\n<\/td>\n<td width=\"179\">\n<p>Director<\/p>\n<p>Administrador<\/p>\n<p>Secretaria<\/p>\n<\/td>\n<td width=\"137\">\n<p>Llevar a t\u00e9cnicos y que hagan el presupuesto de gastos.<\/p>\n<\/td>\n<td width=\"77\">\n<p>En curso<\/p>\n<\/td>\n<\/tr>\n<\/tbody>\n<\/table>\n<p>[\/et_pb_text][\/et_pb_column][et_pb_column _builder_version=\u00bb4.6.6&#8243; _module_preset=\u00bbdefault\u00bb type=\u00bb1_5&#8243;][\/et_pb_column][\/et_pb_row][et_pb_row _builder_version=\u00bb4.6.6&#8243; _module_preset=\u00bbdefault\u00bb column_structure=\u00bb1_5,3_5,1_5&#8243;][et_pb_column _builder_version=\u00bb4.6.6&#8243; _module_preset=\u00bbdefault\u00bb type=\u00bb1_5&#8243;][\/et_pb_column][et_pb_column _builder_version=\u00bb4.6.6&#8243; _module_preset=\u00bbdefault\u00bb type=\u00bb3_5&#8243;][et_pb_audio title=\u00bbRendici\u00f3n de cuentas 2019&#8243; artist_name=\u00bbRadio Filadelfia \u00bb _builder_version=\u00bb4.6.6&#8243; _module_preset=\u00bbdefault\u00bb title_text=\u00bbrendicion-de-cuentas.. 2019&#8243; audio=\u00bbhttps:\/\/radiofiladelfiamundial.com\/es\/wp-content\/uploads\/2020\/10\/rendicion-de-cuentas..-2019.mp3&#8243; hover_enabled=\u00bb0&#8243; sticky_enabled=\u00bb0&#8243;][\/et_pb_audio][\/et_pb_column][et_pb_column _builder_version=\u00bb4.6.6&#8243; _module_preset=\u00bbdefault\u00bb type=\u00bb1_5&#8243;][\/et_pb_column][\/et_pb_row][et_pb_row _builder_version=\u00bb4.6.6&#8243; _module_preset=\u00bbdefault\u00bb column_structure=\u00bb1_5,3_5,1_5&#8243;][et_pb_column _builder_version=\u00bb4.6.6&#8243; _module_preset=\u00bbdefault\u00bb type=\u00bb1_5&#8243;][\/et_pb_column][et_pb_column _builder_version=\u00bb4.6.6&#8243; _module_preset=\u00bbdefault\u00bb type=\u00bb3_5&#8243;][et_pb_image src=\u00bbhttps:\/\/radiofiladelfiamundial.com\/es\/wp-content\/uploads\/2020\/10\/encuesta-radiofiladelfia.jpg\u00bb _builder_version=\u00bb4.6.6&#8243; _module_preset=\u00bbdefault\u00bb title_text=\u00bbencuesta-radiofiladelfia\u00bb hover_enabled=\u00bb0&#8243; sticky_enabled=\u00bb0&#8243;][\/et_pb_image][\/et_pb_column][et_pb_column _builder_version=\u00bb4.6.6&#8243; _module_preset=\u00bbdefault\u00bb type=\u00bb1_5&#8243;][\/et_pb_column][\/et_pb_row][et_pb_row _builder_version=\u00bb4.6.6&#8243; _module_preset=\u00bbdefault\u00bb column_structure=\u00bb1_5,3_5,1_5&#8243;][et_pb_column _builder_version=\u00bb4.6.6&#8243; _module_preset=\u00bbdefault\u00bb type=\u00bb1_5&#8243;][\/et_pb_column][et_pb_column _builder_version=\u00bb4.6.6&#8243; _module_preset=\u00bbdefault\u00bb type=\u00bb3_5&#8243;][et_pb_video src=\u00bbhttps:\/\/radiofiladelfiamundial.com\/es\/wp-content\/uploads\/2020\/10\/filadelfia.mp4&#8243; _builder_version=\u00bb4.6.6&#8243; _module_preset=\u00bbdefault\u00bb title_text=\u00bbfiladelfia\u00bb hover_enabled=\u00bb0&#8243; sticky_enabled=\u00bb0&#8243;][\/et_pb_video][\/et_pb_column][et_pb_column _builder_version=\u00bb4.6.6&#8243; _module_preset=\u00bbdefault\u00bb type=\u00bb1_5&#8243;][\/et_pb_column][\/et_pb_row][et_pb_row column_structure=\u00bb1_3,1_3,1_3&#8243; admin_label=\u00bbFila\u00bb _builder_version=\u00bb4.6.6&#8243; background_size=\u00bbinitial\u00bb background_position=\u00bbtop_left\u00bb background_repeat=\u00bbrepeat\u00bb hover_enabled=\u00bb0&#8243; sticky_enabled=\u00bb0&#8243;][et_pb_column type=\u00bb1_3&#8243; _builder_version=\u00bb3.25&#8243; custom_padding=\u00bb|||\u00bb custom_padding__hover=\u00bb|||\u00bb][et_pb_divider color=\u00bb#0c71c3&#8243; divider_style=\u00bbdotted\u00bb disabled_on=\u00bbon|on|off\u00bb admin_label=\u00bbSeparador\u00bb _builder_version=\u00bb3.2&#8243;][\/et_pb_divider][et_pb_button button_url=\u00bbhttp:\/\/radiofiladelfiamundial.com\/pdf\/RADIO-CUMPLIMIENTO-SUPER-DE-CIAS.pdf\u00bb button_text=\u00bbCERTIFICADO DE CUMPLIMIENTO DE LA SUPERINTENDENCIA DE COMPA\u00d1\u00cdAS\u00bb button_alignment=\u00bbcenter\u00bb admin_label=\u00bbBot\u00f3n\u00bb _builder_version=\u00bb4.6.6&#8243; hover_enabled=\u00bb0&#8243; button_letter_spacing_hover=\u00bb0&#8243; button_text_size__hover_enabled=\u00bboff\u00bb button_one_text_size__hover_enabled=\u00bboff\u00bb button_two_text_size__hover_enabled=\u00bboff\u00bb button_text_color__hover_enabled=\u00bboff\u00bb button_one_text_color__hover_enabled=\u00bboff\u00bb button_two_text_color__hover_enabled=\u00bboff\u00bb button_border_width__hover_enabled=\u00bboff\u00bb button_one_border_width__hover_enabled=\u00bboff\u00bb button_two_border_width__hover_enabled=\u00bboff\u00bb button_border_color__hover_enabled=\u00bboff\u00bb button_one_border_color__hover_enabled=\u00bboff\u00bb button_two_border_color__hover_enabled=\u00bboff\u00bb button_border_radius__hover_enabled=\u00bboff\u00bb button_one_border_radius__hover_enabled=\u00bboff\u00bb button_two_border_radius__hover_enabled=\u00bboff\u00bb button_letter_spacing__hover_enabled=\u00bbon\u00bb button_letter_spacing__hover=\u00bb0&#8243; button_one_letter_spacing__hover_enabled=\u00bboff\u00bb button_two_letter_spacing__hover_enabled=\u00bboff\u00bb button_bg_color__hover_enabled=\u00bboff\u00bb button_one_bg_color__hover_enabled=\u00bboff\u00bb button_two_bg_color__hover_enabled=\u00bboff\u00bb sticky_enabled=\u00bb0&#8243; box_shadow_style=\u00bbpreset2&#8243;][\/et_pb_button][\/et_pb_column][et_pb_column type=\u00bb1_3&#8243; _builder_version=\u00bb3.25&#8243; custom_padding=\u00bb|||\u00bb custom_padding__hover=\u00bb|||\u00bb][et_pb_divider color=\u00bb#0c71c3&#8243; divider_style=\u00bbdotted\u00bb disabled_on=\u00bbon|on|off\u00bb admin_label=\u00bbSeparador\u00bb _builder_version=\u00bb3.2&#8243;][\/et_pb_divider][et_pb_button button_url=\u00bbhttp:\/\/radiofiladelfiamundial.com\/pdf\/RADIO-CUMPLIMIENTO-TRIBUTARIO.pdf\u00bb button_text=\u00bbRADIO CUMPLIMIENTO TRIBUTARIO 2019&#8243; button_alignment=\u00bbcenter\u00bb admin_label=\u00bbBot\u00f3n\u00bb _builder_version=\u00bb4.6.6&#8243; hover_enabled=\u00bb0&#8243; button_letter_spacing_hover=\u00bb0&#8243; button_text_size__hover_enabled=\u00bboff\u00bb button_one_text_size__hover_enabled=\u00bboff\u00bb button_two_text_size__hover_enabled=\u00bboff\u00bb button_text_color__hover_enabled=\u00bboff\u00bb button_one_text_color__hover_enabled=\u00bboff\u00bb button_two_text_color__hover_enabled=\u00bboff\u00bb button_border_width__hover_enabled=\u00bboff\u00bb button_one_border_width__hover_enabled=\u00bboff\u00bb button_two_border_width__hover_enabled=\u00bboff\u00bb button_border_color__hover_enabled=\u00bboff\u00bb button_one_border_color__hover_enabled=\u00bboff\u00bb button_two_border_color__hover_enabled=\u00bboff\u00bb button_border_radius__hover_enabled=\u00bboff\u00bb button_one_border_radius__hover_enabled=\u00bboff\u00bb button_two_border_radius__hover_enabled=\u00bboff\u00bb button_letter_spacing__hover_enabled=\u00bbon\u00bb button_letter_spacing__hover=\u00bb0&#8243; button_one_letter_spacing__hover_enabled=\u00bboff\u00bb button_two_letter_spacing__hover_enabled=\u00bboff\u00bb button_bg_color__hover_enabled=\u00bboff\u00bb button_one_bg_color__hover_enabled=\u00bboff\u00bb button_two_bg_color__hover_enabled=\u00bboff\u00bb sticky_enabled=\u00bb0&#8243; box_shadow_style=\u00bbpreset6&#8243;][\/et_pb_button][\/et_pb_column][et_pb_column type=\u00bb1_3&#8243; _builder_version=\u00bb3.25&#8243; custom_padding=\u00bb|||\u00bb custom_padding__hover=\u00bb|||\u00bb][et_pb_divider color=\u00bb#0c71c3&#8243; divider_style=\u00bbdotted\u00bb disabled_on=\u00bbon|on|off\u00bb admin_label=\u00bbSeparador\u00bb _builder_version=\u00bb3.2&#8243;][\/et_pb_divider][et_pb_button button_url=\u00bbhttp:\/\/radiofiladelfiamundial.com\/pdf\/RADIO-CUMPLIMIENTO-IESS.pdf\u00bb button_text=\u00bbCERTIFICADO DE CUMPLIMIENTO DE OBLIGACIONES PATRONALES\u00bb button_alignment=\u00bbcenter\u00bb admin_label=\u00bbBot\u00f3n\u00bb _builder_version=\u00bb4.6.6&#8243; hover_enabled=\u00bb0&#8243; button_letter_spacing_hover=\u00bb0&#8243; button_text_size__hover_enabled=\u00bboff\u00bb button_one_text_size__hover_enabled=\u00bboff\u00bb button_two_text_size__hover_enabled=\u00bboff\u00bb button_text_color__hover_enabled=\u00bboff\u00bb button_one_text_color__hover_enabled=\u00bboff\u00bb button_two_text_color__hover_enabled=\u00bboff\u00bb button_border_width__hover_enabled=\u00bboff\u00bb button_one_border_width__hover_enabled=\u00bboff\u00bb button_two_border_width__hover_enabled=\u00bboff\u00bb button_border_color__hover_enabled=\u00bboff\u00bb button_one_border_color__hover_enabled=\u00bboff\u00bb button_two_border_color__hover_enabled=\u00bboff\u00bb button_border_radius__hover_enabled=\u00bboff\u00bb button_one_border_radius__hover_enabled=\u00bboff\u00bb button_two_border_radius__hover_enabled=\u00bboff\u00bb button_letter_spacing__hover_enabled=\u00bbon\u00bb button_letter_spacing__hover=\u00bb0&#8243; button_one_letter_spacing__hover_enabled=\u00bboff\u00bb button_two_letter_spacing__hover_enabled=\u00bboff\u00bb button_bg_color__hover_enabled=\u00bboff\u00bb button_one_bg_color__hover_enabled=\u00bboff\u00bb button_two_bg_color__hover_enabled=\u00bboff\u00bb sticky_enabled=\u00bb0&#8243; box_shadow_style=\u00bbpreset1&#8243;][\/et_pb_button][\/et_pb_column][\/et_pb_row][\/et_pb_section]<\/p>\n","protected":false},"excerpt":{"rendered":"<p>Radio Filadelfia 1.170 am Rendici\u00f3n de Cuentas 2019 Realizado en v\u00eda Zoom 03 de Octubre de 2020 PLAN DE TRABAJO OBJETIVOS RECURSOS RESPONSABILIDADES ESTRATEGIA TIEMPO Optimizar la se\u00f1al del Internet Operadora de Internet Director Administrador Secretaria &nbsp; Consultar para obtener un mejor servicio de Plan Internet 2 meses &nbsp; Buscar solucionar el ingreso al piso [&hellip;]<\/p>\n","protected":false},"author":1,"featured_media":0,"parent":0,"menu_order":0,"comment_status":"closed","ping_status":"closed","template":"","meta":{"_et_pb_use_builder":"on","_et_pb_old_content":"","_et_gb_content_width":"","footnotes":""},"class_list":["post-529","page","type-page","status-publish","hentry"],"_links":{"self":[{"href":"https:\/\/radiofiladelfiamundial.com\/es\/wp-json\/wp\/v2\/pages\/529","targetHints":{"allow":["GET"]}}],"collection":[{"href":"https:\/\/radiofiladelfiamundial.com\/es\/wp-json\/wp\/v2\/pages"}],"about":[{"href":"https:\/\/radiofiladelfiamundial.com\/es\/wp-json\/wp\/v2\/types\/page"}],"author":[{"embeddable":true,"href":"https:\/\/radiofiladelfiamundial.com\/es\/wp-json\/wp\/v2\/users\/1"}],"replies":[{"embeddable":true,"href":"https:\/\/radiofiladelfiamundial.com\/es\/wp-json\/wp\/v2\/comments?post=529"}],"version-history":[{"count":18,"href":"https:\/\/radiofiladelfiamundial.com\/es\/wp-json\/wp\/v2\/pages\/529\/revisions"}],"predecessor-version":[{"id":566,"href":"https:\/\/radiofiladelfiamundial.com\/es\/wp-json\/wp\/v2\/pages\/529\/revisions\/566"}],"wp:attachment":[{"href":"https:\/\/radiofiladelfiamundial.com\/es\/wp-json\/wp\/v2\/media?parent=529"}],"curies":[{"name":"wp","href":"https:\/\/api.w.org\/{rel}","templated":true}]}}