{"id":382,"date":"2018-03-29T14:03:50","date_gmt":"2018-03-29T14:03:50","guid":{"rendered":"http:\/\/radiofiladelfiamundial.com\/es\/?page_id=382"},"modified":"2018-03-29T14:54:44","modified_gmt":"2018-03-29T14:54:44","slug":"rendicion-de-cuentas-2016","status":"publish","type":"page","link":"https:\/\/radiofiladelfiamundial.com\/es\/rendicion-de-cuentas-2016\/","title":{"rendered":"Rendici\u00f3n de cuentas 2016"},"content":{"rendered":"<p>[et_pb_section bb_built=\u00bb1&#8243; admin_label=\u00bbsection\u00bb][et_pb_row admin_label=\u00bbrow\u00bb background_position=\u00bbtop_left\u00bb background_repeat=\u00bbrepeat\u00bb background_size=\u00bbinitial\u00bb][et_pb_column type=\u00bb4_4&#8243;][et_pb_image admin_label=\u00bbImagen\u00bb show_in_lightbox=\u00bboff\u00bb url_new_window=\u00bboff\u00bb src=\u00bbhttp:\/\/radiofiladelfiamundial.com\/es\/wp-content\/uploads\/2017\/05\/2017.jpg\u00bb sticky=\u00bboff\u00bb align=\u00bbcenter\u00bb always_center_on_mobile=\u00bbon\u00bb use_overlay=\u00bboff\u00bb border_style=\u00bbsolid\u00bb force_fullwidth=\u00bboff\u00bb _builder_version=\u00bb3.0.51&#8243; \/][\/et_pb_column][\/et_pb_row][et_pb_row admin_label=\u00bbFila\u00bb background_position=\u00bbtop_left\u00bb background_repeat=\u00bbrepeat\u00bb background_size=\u00bbinitial\u00bb][et_pb_column type=\u00bb4_4&#8243;][et_pb_divider admin_label=\u00bbSeparador\u00bb color=\u00bb#0c71c3&#8243; show_divider=\u00bbon\u00bb divider_style=\u00bbsolid\u00bb divider_position=\u00bbtop\u00bb hide_on_mobile=\u00bbon\u00bb \/][\/et_pb_column][\/et_pb_row][et_pb_row admin_label=\u00bbFila\u00bb background_position=\u00bbtop_left\u00bb background_repeat=\u00bbrepeat\u00bb background_size=\u00bbinitial\u00bb][et_pb_column type=\u00bb4_4&#8243;][et_pb_image admin_label=\u00bbImagen\u00bb src=\u00bbhttp:\/\/radiofiladelfiamundial.com\/es\/wp-content\/uploads\/2017\/05\/1.jpg\u00bb show_in_lightbox=\u00bbon\u00bb url_new_window=\u00bboff\u00bb use_overlay=\u00bboff\u00bb animation=\u00bbleft\u00bb sticky=\u00bboff\u00bb align=\u00bbcenter\u00bb force_fullwidth=\u00bboff\u00bb always_center_on_mobile=\u00bbon\u00bb use_border_color=\u00bboff\u00bb border_color=\u00bb#ffffff\u00bb border_style=\u00bbsolid\u00bb \/][et_pb_image admin_label=\u00bbImagen\u00bb src=\u00bbhttp:\/\/radiofiladelfiamundial.com\/es\/wp-content\/uploads\/2017\/05\/2.jpg\u00bb show_in_lightbox=\u00bboff\u00bb url_new_window=\u00bboff\u00bb use_overlay=\u00bboff\u00bb animation=\u00bbleft\u00bb sticky=\u00bboff\u00bb align=\u00bbcenter\u00bb force_fullwidth=\u00bboff\u00bb always_center_on_mobile=\u00bbon\u00bb use_border_color=\u00bboff\u00bb border_color=\u00bb#ffffff\u00bb border_style=\u00bbsolid\u00bb \/][\/et_pb_column][\/et_pb_row][et_pb_row admin_label=\u00bbFila\u00bb background_position=\u00bbtop_left\u00bb background_repeat=\u00bbrepeat\u00bb background_size=\u00bbinitial\u00bb][et_pb_column type=\u00bb4_4&#8243;][et_pb_divider admin_label=\u00bbSeparador\u00bb color=\u00bb#ffffff\u00bb show_divider=\u00bboff\u00bb divider_style=\u00bbsolid\u00bb divider_position=\u00bbtop\u00bb hide_on_mobile=\u00bbon\u00bb \/][et_pb_divider admin_label=\u00bbSeparador\u00bb color=\u00bb#0c71c3&#8243; show_divider=\u00bbon\u00bb divider_style=\u00bbsolid\u00bb divider_position=\u00bbtop\u00bb hide_on_mobile=\u00bbon\u00bb \/][et_pb_text admin_label=\u00bbTexto\u00bb background_layout=\u00bblight\u00bb text_orientation=\u00bbcenter\u00bb text_font=\u00bb|on|||\u00bb text_font_size=\u00bb31&#8243; use_border_color=\u00bboff\u00bb border_color=\u00bb#ffffff\u00bb border_style=\u00bbsolid\u00bb background_position=\u00bbtop_left\u00bb background_repeat=\u00bbrepeat\u00bb background_size=\u00bbinitial\u00bb]<\/p>\n<p style=\"text-align: center;\">ASISTENTES<\/p>\n<p>[\/et_pb_text][et_pb_image admin_label=\u00bbImagen\u00bb show_in_lightbox=\u00bboff\u00bb url_new_window=\u00bboff\u00bb src=\u00bbhttp:\/\/radiofiladelfiamundial.com\/es\/wp-content\/uploads\/2017\/05\/asistentes.jpg\u00bb sticky=\u00bboff\u00bb align=\u00bbcenter\u00bb always_center_on_mobile=\u00bbon\u00bb use_overlay=\u00bboff\u00bb use_border_color=\u00bboff\u00bb border_color=\u00bb#ffffff\u00bb border_style=\u00bbsolid\u00bb force_fullwidth=\u00bboff\u00bb animation=\u00bbleft\u00bb \/][et_pb_image admin_label=\u00bbImagen\u00bb \/][et_pb_image admin_label=\u00bbImagen\u00bb show_in_lightbox=\u00bboff\u00bb url_new_window=\u00bboff\u00bb src=\u00bbhttp:\/\/radiofiladelfiamundial.com\/es\/wp-content\/uploads\/2017\/05\/PREGUNTAS-1.jpg\u00bb sticky=\u00bboff\u00bb align=\u00bbcenter\u00bb always_center_on_mobile=\u00bbon\u00bb use_overlay=\u00bboff\u00bb use_border_color=\u00bboff\u00bb border_color=\u00bb#ffffff\u00bb border_style=\u00bbsolid\u00bb force_fullwidth=\u00bboff\u00bb animation=\u00bbleft\u00bb \/][et_pb_image admin_label=\u00bbImagen\u00bb show_in_lightbox=\u00bboff\u00bb url_new_window=\u00bboff\u00bb src=\u00bbhttp:\/\/radiofiladelfiamundial.com\/es\/wp-content\/uploads\/2017\/05\/PREGUNTAS-2.jpg\u00bb sticky=\u00bboff\u00bb align=\u00bbcenter\u00bb always_center_on_mobile=\u00bbon\u00bb use_overlay=\u00bboff\u00bb use_border_color=\u00bboff\u00bb border_color=\u00bb#ffffff\u00bb border_style=\u00bbsolid\u00bb force_fullwidth=\u00bboff\u00bb animation=\u00bbleft\u00bb \/][\/et_pb_column][\/et_pb_row][et_pb_row admin_label=\u00bbFila\u00bb background_position=\u00bbtop_left\u00bb background_repeat=\u00bbrepeat\u00bb background_size=\u00bbinitial\u00bb][et_pb_column type=\u00bb1_3&#8243;][et_pb_divider admin_label=\u00bbSeparador\u00bb show_divider=\u00bbon\u00bb divider_style=\u00bbdotted\u00bb divider_position=\u00bbtop\u00bb color=\u00bb#0c71c3&#8243; hide_on_mobile=\u00bbon\u00bb \/][et_pb_text admin_label=\u00bbTexto\u00bb background_layout=\u00bblight\u00bb text_orientation=\u00bbcenter\u00bb use_border_color=\u00bboff\u00bb border_color=\u00bb#ffffff\u00bb border_style=\u00bbsolid\u00bb text_font=\u00bbComfortaa|on|||\u00bb text_font_size=\u00bb20&#8243; background_position=\u00bbtop_left\u00bb background_repeat=\u00bbrepeat\u00bb background_size=\u00bbinitial\u00bb]<\/p>\n<p style=\"text-align: center;\">CERTIFICADO DE CUMPLIMIENTO DE LA SUPERINTENDENCIA DE COMPA\u00d1\u00cdAS<\/p>\n<p>[\/et_pb_text][et_pb_blurb admin_label=\u00bbAnuncio\u00bb url=\u00bbhttp:\/\/radiofiladelfiamundial.com\/pdf2016\/CERTI-DE-CUMPLIMIENTO-SUPER-DE-COMPA%d1IAS.pdf\u00bb url_new_window=\u00bboff\u00bb use_icon=\u00bboff\u00bb icon_color=\u00bb#7EBEC5&#8243; use_circle=\u00bboff\u00bb circle_color=\u00bb#7EBEC5&#8243; use_circle_border=\u00bboff\u00bb circle_border_color=\u00bb#7EBEC5&#8243; image=\u00bbhttp:\/\/radiofiladelfiamundial.com\/es\/wp-content\/uploads\/2016\/04\/pdf-radio-filadelfia.jpg\u00bb icon_placement=\u00bbtop\u00bb animation=\u00bbtop\u00bb background_layout=\u00bblight\u00bb text_orientation=\u00bbleft\u00bb use_icon_font_size=\u00bboff\u00bb use_border_color=\u00bboff\u00bb border_color=\u00bb#ffffff\u00bb border_style=\u00bbsolid\u00bb background_position=\u00bbtop_left\u00bb background_repeat=\u00bbrepeat\u00bb background_size=\u00bbinitial\u00bb \/][\/et_pb_column][et_pb_column type=\u00bb1_3&#8243;][et_pb_divider admin_label=\u00bbSeparador\u00bb show_divider=\u00bbon\u00bb divider_style=\u00bbdotted\u00bb divider_position=\u00bbtop\u00bb color=\u00bb#0c71c3&#8243; hide_on_mobile=\u00bbon\u00bb \/][et_pb_text admin_label=\u00bbTexto\u00bb background_layout=\u00bblight\u00bb text_orientation=\u00bbcenter\u00bb use_border_color=\u00bboff\u00bb border_color=\u00bb#ffffff\u00bb border_style=\u00bbsolid\u00bb text_font=\u00bbComfortaa|on|||\u00bb text_font_size=\u00bb20&#8243; background_position=\u00bbtop_left\u00bb background_repeat=\u00bbrepeat\u00bb background_size=\u00bbinitial\u00bb]<\/p>\n<p style=\"text-align: center;\">BALANCE 2016<\/p>\n<p>[\/et_pb_text][et_pb_blurb admin_label=\u00bbAnuncio\u00bb url=\u00bbhttp:\/\/radiofiladelfiamundial.com\/pdf2016\/BALANCE-2016.pdf\u00bb url_new_window=\u00bboff\u00bb use_icon=\u00bboff\u00bb icon_color=\u00bb#7EBEC5&#8243; use_circle=\u00bboff\u00bb circle_color=\u00bb#7EBEC5&#8243; use_circle_border=\u00bboff\u00bb circle_border_color=\u00bb#7EBEC5&#8243; image=\u00bbhttp:\/\/radiofiladelfiamundial.com\/es\/wp-content\/uploads\/2016\/04\/pdf-radio-filadelfia.jpg\u00bb icon_placement=\u00bbtop\u00bb animation=\u00bbtop\u00bb background_layout=\u00bblight\u00bb text_orientation=\u00bbleft\u00bb use_icon_font_size=\u00bboff\u00bb use_border_color=\u00bboff\u00bb border_color=\u00bb#ffffff\u00bb border_style=\u00bbsolid\u00bb background_position=\u00bbtop_left\u00bb background_repeat=\u00bbrepeat\u00bb background_size=\u00bbinitial\u00bb \/][\/et_pb_column][et_pb_column type=\u00bb1_3&#8243;][et_pb_divider admin_label=\u00bbSeparador\u00bb show_divider=\u00bbon\u00bb divider_style=\u00bbdotted\u00bb divider_position=\u00bbtop\u00bb color=\u00bb#0c71c3&#8243; hide_on_mobile=\u00bbon\u00bb \/][et_pb_text admin_label=\u00bbTexto\u00bb background_layout=\u00bblight\u00bb text_orientation=\u00bbcenter\u00bb use_border_color=\u00bboff\u00bb border_color=\u00bb#ffffff\u00bb border_style=\u00bbsolid\u00bb text_font=\u00bbComfortaa|on|||\u00bb text_font_size=\u00bb20&#8243; background_position=\u00bbtop_left\u00bb background_repeat=\u00bbrepeat\u00bb background_size=\u00bbinitial\u00bb]<\/p>\n<p style=\"text-align: center;\">INFORME DE RENDICI\u00d3N DE CUENTAS 2016<\/p>\n<p>[\/et_pb_text][et_pb_blurb admin_label=\u00bbAnuncio\u00bb url=\u00bbhttp:\/\/radiofiladelfiamundial.com\/pdf2016\/INFORME-DE-RENDICION-DE-CUENTAS-2016.pdf\u00bb url_new_window=\u00bboff\u00bb use_icon=\u00bboff\u00bb icon_color=\u00bb#7EBEC5&#8243; use_circle=\u00bboff\u00bb circle_color=\u00bb#7EBEC5&#8243; use_circle_border=\u00bboff\u00bb circle_border_color=\u00bb#7EBEC5&#8243; image=\u00bbhttp:\/\/radiofiladelfiamundial.com\/es\/wp-content\/uploads\/2016\/04\/pdf-radio-filadelfia.jpg\u00bb icon_placement=\u00bbtop\u00bb animation=\u00bbtop\u00bb background_layout=\u00bblight\u00bb text_orientation=\u00bbleft\u00bb use_icon_font_size=\u00bboff\u00bb use_border_color=\u00bboff\u00bb border_color=\u00bb#ffffff\u00bb border_style=\u00bbsolid\u00bb background_position=\u00bbtop_left\u00bb background_repeat=\u00bbrepeat\u00bb background_size=\u00bbinitial\u00bb \/][\/et_pb_column][\/et_pb_row][et_pb_row admin_label=\u00bbFila\u00bb background_position=\u00bbtop_left\u00bb background_repeat=\u00bbrepeat\u00bb background_size=\u00bbinitial\u00bb][et_pb_column type=\u00bb4_4&#8243;][et_pb_audio admin_label=\u00bbAudio\u00bb audio=\u00bbhttp:\/\/radiofiladelfiamundial.com\/es\/wp-content\/uploads\/2017\/05\/RENDICION-DE-CUENTAS-2017-1.mp3&#8243; background_layout=\u00bbdark\u00bb use_border_color=\u00bboff\u00bb border_color=\u00bb#ffffff\u00bb border_style=\u00bbsolid\u00bb background_position=\u00bbtop_left\u00bb background_repeat=\u00bbrepeat\u00bb background_size=\u00bbinitial\u00bb \/][\/et_pb_column][\/et_pb_row][\/et_pb_section]<\/p>\n","protected":false},"excerpt":{"rendered":"<p>ASISTENTES CERTIFICADO DE CUMPLIMIENTO DE LA SUPERINTENDENCIA DE COMPA\u00d1\u00cdAS BALANCE 2016 INFORME DE RENDICI\u00d3N DE CUENTAS 2016<\/p>\n","protected":false},"author":1,"featured_media":0,"parent":0,"menu_order":0,"comment_status":"closed","ping_status":"closed","template":"","meta":{"_et_pb_use_builder":"on","_et_pb_old_content":"","_et_gb_content_width":"","footnotes":""},"class_list":["post-382","page","type-page","status-publish","hentry"],"_links":{"self":[{"href":"https:\/\/radiofiladelfiamundial.com\/es\/wp-json\/wp\/v2\/pages\/382","targetHints":{"allow":["GET"]}}],"collection":[{"href":"https:\/\/radiofiladelfiamundial.com\/es\/wp-json\/wp\/v2\/pages"}],"about":[{"href":"https:\/\/radiofiladelfiamundial.com\/es\/wp-json\/wp\/v2\/types\/page"}],"author":[{"embeddable":true,"href":"https:\/\/radiofiladelfiamundial.com\/es\/wp-json\/wp\/v2\/users\/1"}],"replies":[{"embeddable":true,"href":"https:\/\/radiofiladelfiamundial.com\/es\/wp-json\/wp\/v2\/comments?post=382"}],"version-history":[{"count":2,"href":"https:\/\/radiofiladelfiamundial.com\/es\/wp-json\/wp\/v2\/pages\/382\/revisions"}],"predecessor-version":[{"id":411,"href":"https:\/\/radiofiladelfiamundial.com\/es\/wp-json\/wp\/v2\/pages\/382\/revisions\/411"}],"wp:attachment":[{"href":"https:\/\/radiofiladelfiamundial.com\/es\/wp-json\/wp\/v2\/media?parent=382"}],"curies":[{"name":"wp","href":"https:\/\/api.w.org\/{rel}","templated":true}]}}