{"id":146,"date":"2016-03-15T22:17:12","date_gmt":"2016-03-15T22:17:12","guid":{"rendered":"http:\/\/radiofiladelfiamundial.com\/es\/?page_id=146"},"modified":"2026-03-20T16:12:41","modified_gmt":"2026-03-20T16:12:41","slug":"contacto","status":"publish","type":"page","link":"https:\/\/radiofiladelfiamundial.com\/es\/contacto\/","title":{"rendered":"Contacto"},"content":{"rendered":"<p>[et_pb_section fb_built=\u00bb1&#8243; fullwidth=\u00bbon\u00bb admin_label=\u00bbsection\u00bb _builder_version=\u00bb4.16&#8243; global_colors_info=\u00bb{}\u00bb][et_pb_fullwidth_image src=\u00bbhttps:\/\/radiofiladelfiamundial.com\/es\/wp-content\/uploads\/2019\/04\/radiofiladelfiamundial-ecuador.jpg\u00bb admin_label=\u00bbImagen de anchura completa\u00bb _builder_version=\u00bb4.16&#8243; animation_style=\u00bbslide\u00bb animation_direction=\u00bbleft\u00bb animation_duration=\u00bb500ms\u00bb animation_intensity_slide=\u00bb10%\u00bb animation=\u00bbleft\u00bb border_style=\u00bbsolid\u00bb global_colors_info=\u00bb{}\u00bb][\/et_pb_fullwidth_image][\/et_pb_section][et_pb_section fb_built=\u00bb1&#8243; admin_label=\u00bbsection\u00bb _builder_version=\u00bb4.16&#8243; global_colors_info=\u00bb{}\u00bb][et_pb_row column_structure=\u00bb2_3,1_3&#8243; admin_label=\u00bbrow\u00bb _builder_version=\u00bb4.16&#8243; background_size=\u00bbinitial\u00bb background_position=\u00bbtop_left\u00bb background_repeat=\u00bbrepeat\u00bb global_colors_info=\u00bb{}\u00bb][et_pb_column type=\u00bb2_3&#8243; _builder_version=\u00bb4.16&#8243; custom_padding=\u00bb|||\u00bb global_colors_info=\u00bb{}\u00bb custom_padding__hover=\u00bb|||\u00bb][et_pb_contact_form use_spam_service=\u00bbon\u00bb recaptcha_list=\u00bbradiofiladelfiamundialcom|radiofiladelfiamundialcom-0&#8243; email=\u00bbissac@radiofiladelfiamundial.com\u00bb title=\u00bbEscribanos\u00bb admin_label=\u00bbContact Form\u00bb _builder_version=\u00bb4.20.4&#8243; _unique_id=\u00bb67b3e057-5c7b-4be2-9521-af35ca163d5c\u00bb hover_enabled=\u00bb0&#8243; border_radii=\u00bbon|0px|0px|0px|0px\u00bb use_border_color=\u00bboff\u00bb border_color=\u00bb#ffffff\u00bb border_style=\u00bbsolid\u00bb input_border_radius=\u00bb0&#8243; global_colors_info=\u00bb{}\u00bb sticky_enabled=\u00bb0&#8243;][et_pb_contact_field field_id=\u00bbName\u00bb field_title=\u00bbNombre\u00bb _builder_version=\u00bb4.16&#8243; global_colors_info=\u00bb{}\u00bb button_text_size__hover_enabled=\u00bboff\u00bb button_one_text_size__hover_enabled=\u00bboff\u00bb button_two_text_size__hover_enabled=\u00bboff\u00bb button_text_color__hover_enabled=\u00bboff\u00bb button_one_text_color__hover_enabled=\u00bboff\u00bb button_two_text_color__hover_enabled=\u00bboff\u00bb button_border_width__hover_enabled=\u00bboff\u00bb button_one_border_width__hover_enabled=\u00bboff\u00bb button_two_border_width__hover_enabled=\u00bboff\u00bb button_border_color__hover_enabled=\u00bboff\u00bb button_one_border_color__hover_enabled=\u00bboff\u00bb button_two_border_color__hover_enabled=\u00bboff\u00bb button_border_radius__hover_enabled=\u00bboff\u00bb button_one_border_radius__hover_enabled=\u00bboff\u00bb button_two_border_radius__hover_enabled=\u00bboff\u00bb button_letter_spacing__hover_enabled=\u00bboff\u00bb button_one_letter_spacing__hover_enabled=\u00bboff\u00bb button_two_letter_spacing__hover_enabled=\u00bboff\u00bb button_bg_color__hover_enabled=\u00bboff\u00bb button_one_bg_color__hover_enabled=\u00bboff\u00bb button_two_bg_color__hover_enabled=\u00bboff\u00bb][\/et_pb_contact_field][et_pb_contact_field field_id=\u00bbEmail\u00bb field_title=\u00bbDirecci\u00f3n de correo electr\u00f3nico\u00bb field_type=\u00bbemail\u00bb _builder_version=\u00bb4.16&#8243; global_colors_info=\u00bb{}\u00bb button_text_size__hover_enabled=\u00bboff\u00bb button_one_text_size__hover_enabled=\u00bboff\u00bb button_two_text_size__hover_enabled=\u00bboff\u00bb button_text_color__hover_enabled=\u00bboff\u00bb button_one_text_color__hover_enabled=\u00bboff\u00bb button_two_text_color__hover_enabled=\u00bboff\u00bb button_border_width__hover_enabled=\u00bboff\u00bb button_one_border_width__hover_enabled=\u00bboff\u00bb button_two_border_width__hover_enabled=\u00bboff\u00bb button_border_color__hover_enabled=\u00bboff\u00bb button_one_border_color__hover_enabled=\u00bboff\u00bb button_two_border_color__hover_enabled=\u00bboff\u00bb button_border_radius__hover_enabled=\u00bboff\u00bb button_one_border_radius__hover_enabled=\u00bboff\u00bb button_two_border_radius__hover_enabled=\u00bboff\u00bb button_letter_spacing__hover_enabled=\u00bboff\u00bb button_one_letter_spacing__hover_enabled=\u00bboff\u00bb button_two_letter_spacing__hover_enabled=\u00bboff\u00bb button_bg_color__hover_enabled=\u00bboff\u00bb button_one_bg_color__hover_enabled=\u00bboff\u00bb button_two_bg_color__hover_enabled=\u00bboff\u00bb][\/et_pb_contact_field][et_pb_contact_field field_id=\u00bbMessage\u00bb field_title=\u00bbMensaje\u00bb field_type=\u00bbtext\u00bb _builder_version=\u00bb4.16&#8243; global_colors_info=\u00bb{}\u00bb button_text_size__hover_enabled=\u00bboff\u00bb button_one_text_size__hover_enabled=\u00bboff\u00bb button_two_text_size__hover_enabled=\u00bboff\u00bb button_text_color__hover_enabled=\u00bboff\u00bb button_one_text_color__hover_enabled=\u00bboff\u00bb button_two_text_color__hover_enabled=\u00bboff\u00bb button_border_width__hover_enabled=\u00bboff\u00bb button_one_border_width__hover_enabled=\u00bboff\u00bb button_two_border_width__hover_enabled=\u00bboff\u00bb button_border_color__hover_enabled=\u00bboff\u00bb button_one_border_color__hover_enabled=\u00bboff\u00bb button_two_border_color__hover_enabled=\u00bboff\u00bb button_border_radius__hover_enabled=\u00bboff\u00bb button_one_border_radius__hover_enabled=\u00bboff\u00bb button_two_border_radius__hover_enabled=\u00bboff\u00bb button_letter_spacing__hover_enabled=\u00bboff\u00bb button_one_letter_spacing__hover_enabled=\u00bboff\u00bb button_two_letter_spacing__hover_enabled=\u00bboff\u00bb button_bg_color__hover_enabled=\u00bboff\u00bb button_one_bg_color__hover_enabled=\u00bboff\u00bb button_two_bg_color__hover_enabled=\u00bboff\u00bb][\/et_pb_contact_field][\/et_pb_contact_form][\/et_pb_column][et_pb_column type=\u00bb1_3&#8243; _builder_version=\u00bb4.16&#8243; custom_padding=\u00bb|||\u00bb global_colors_info=\u00bb{}\u00bb custom_padding__hover=\u00bb|||\u00bb][et_pb_text admin_label=\u00bbText\u00bb _builder_version=\u00bb4.27.0&#8243; text_font=\u00bbABeeZee||||||||\u00bb background_size=\u00bbinitial\u00bb background_position=\u00bbtop_left\u00bb background_repeat=\u00bbrepeat\u00bb use_border_color=\u00bboff\u00bb border_color=\u00bb#ffffff\u00bb border_style=\u00bbsolid\u00bb inline_fonts=\u00bbAbel\u00bb global_colors_info=\u00bb{}\u00bb]<\/p>\n<p>&nbsp;<\/p>\n<h3>Informaci\u00f3n<\/h3>\n<p>Dios las bendiga a todas ustedes nuestras fieles oyentes e hijas del Dios alt\u00edsimo nuestro se\u00f1or Jesucristo<\/p>\n<p><strong>Direcci\u00f3n:\u00a0<\/strong>Velez 905 y 6 de marzo Edificio El Forum Piso 16, oficina 8 -9\u00a0Guayaquil<\/p>\n<h1><span style=\"font-family: Abel; font-weight: normal;\"><em><strong>096 872 7593\u200e<\/strong><\/em><\/span><\/h1>\n<h1><span style=\"font-family: Abel; font-weight: normal;\"><em><strong>+593 4-390-9114<\/strong><\/em><\/span><\/h1>\n<p><span style=\"font-family: Abel; font-weight: normal;\"><em><strong><\/strong><\/em><\/span><\/p>\n<p><strong>Horario:<\/strong> 8:00 am-16:00 pm<\/p>\n<p>[\/et_pb_text][\/et_pb_column][\/et_pb_row][\/et_pb_section][et_pb_section fb_built=\u00bb1&#8243; fullwidth=\u00bbon\u00bb admin_label=\u00bbSecci\u00f3n\u00bb _builder_version=\u00bb4.16&#8243; global_colors_info=\u00bb{}\u00bb][\/et_pb_section]<\/p>\n","protected":false},"excerpt":{"rendered":"<p>&nbsp; Informaci\u00f3n Dios las bendiga a todas ustedes nuestras fieles oyentes e hijas del Dios alt\u00edsimo nuestro se\u00f1or Jesucristo Direcci\u00f3n:\u00a0Velez 905 y 6 de marzo Edificio El Forum Piso 16, oficina 8 -9\u00a0Guayaquil 096 872 7593\u200e +593 4-390-9114 Horario: 8:00 am-16:00 pm<\/p>\n","protected":false},"author":1,"featured_media":0,"parent":0,"menu_order":0,"comment_status":"closed","ping_status":"open","template":"","meta":{"_et_pb_use_builder":"on","_et_pb_old_content":"<p>[et_pb_section admin_label=\"section\" fullwidth=\"on\" specialty=\"off\"][et_pb_fullwidth_image admin_label=\"Imagen de anchura completa\" src=\"http:\/\/radiofiladelfiamundial.com\/es\/wp-content\/uploads\/2016\/03\/radiofiladelfiamundial-ecuador.jpg\" show_in_lightbox=\"off\" url_new_window=\"off\" use_overlay=\"off\" animation=\"left\" use_border_color=\"off\" border_color=\"#ffffff\" border_style=\"solid\" \/][\/et_pb_section][et_pb_section admin_label=\"section\" fullwidth=\"off\"][et_pb_row admin_label=\"row\"][et_pb_column type=\"2_3\"][et_pb_contact_form admin_label=\"Contact Form\" captcha=\"on\" title=\"RADIO FILADELDIA CONTACTANOS\" email=\"info@radiofiladelfiamundial.com\" use_redirect=\"off\" input_border_radius=\"0\" use_border_color=\"off\" border_color=\"#ffffff\" border_style=\"solid\" custom_button=\"off\" button_letter_spacing=\"0\" button_use_icon=\"default\" button_icon_placement=\"right\" button_on_hover=\"on\" button_letter_spacing_hover=\"0\"] [et_pb_contact_field field_title=\"Nombre\" field_type=\"input\" field_id=\"Name\" required_mark=\"on\" fullwidth_field=\"off\" \/][et_pb_contact_field field_title=\"Direcci\u00f3n de correo electr\u00f3nico\" field_type=\"email\" field_id=\"Email\" required_mark=\"on\" fullwidth_field=\"off\" \/][et_pb_contact_field field_title=\"Mensaje\" field_type=\"text\" field_id=\"Message\" required_mark=\"on\" \/] [\/et_pb_contact_form][\/et_pb_column][et_pb_column type=\"1_3\"][et_pb_text admin_label=\"Text\" background_layout=\"light\" text_orientation=\"left\"]<\/p><h3>More Info<\/h3><p>sit amet, consectetur adipiscing elit. Integer placerat metus id orci facilisis, in luctus eros laoreet. Mauris interdum augue varius, faucibus massa id, imperdiet tortor. Donec vel tortor molestie, hendrerit sem a, hendrerit arcu. Aliquam erat volutpat. Proin varius eros eros, non condimentum nis.<\/p><p><strong>Address:<\/strong> 890 Lorem Ipsum Street #12<br \/> San Francisco, California 65432<\/p><p><strong>Phone:<\/strong> 123.4567.890<\/p><p><strong>Business Hours:<\/strong> 8a-6:30p M-F, 9a-2p S-S [\/et_pb_text][\/et_pb_column][\/et_pb_row][\/et_pb_section][et_pb_section fullwidth=\"on\" specialty=\"off\" admin_label=\"Secci\u00f3n\"][\/et_pb_section]<\/p>","_et_gb_content_width":"","footnotes":""},"class_list":["post-146","page","type-page","status-publish","hentry"],"_links":{"self":[{"href":"https:\/\/radiofiladelfiamundial.com\/es\/wp-json\/wp\/v2\/pages\/146","targetHints":{"allow":["GET"]}}],"collection":[{"href":"https:\/\/radiofiladelfiamundial.com\/es\/wp-json\/wp\/v2\/pages"}],"about":[{"href":"https:\/\/radiofiladelfiamundial.com\/es\/wp-json\/wp\/v2\/types\/page"}],"author":[{"embeddable":true,"href":"https:\/\/radiofiladelfiamundial.com\/es\/wp-json\/wp\/v2\/users\/1"}],"replies":[{"embeddable":true,"href":"https:\/\/radiofiladelfiamundial.com\/es\/wp-json\/wp\/v2\/comments?post=146"}],"version-history":[{"count":17,"href":"https:\/\/radiofiladelfiamundial.com\/es\/wp-json\/wp\/v2\/pages\/146\/revisions"}],"predecessor-version":[{"id":9413,"href":"https:\/\/radiofiladelfiamundial.com\/es\/wp-json\/wp\/v2\/pages\/146\/revisions\/9413"}],"wp:attachment":[{"href":"https:\/\/radiofiladelfiamundial.com\/es\/wp-json\/wp\/v2\/media?parent=146"}],"curies":[{"name":"wp","href":"https:\/\/api.w.org\/{rel}","templated":true}]}}